{"id":7,"date":"2016-03-12T18:40:43","date_gmt":"2016-03-12T17:40:43","guid":{"rendered":"http:\/\/rachecourt.be\/?page_id=7"},"modified":"2025-05-17T18:03:31","modified_gmt":"2025-05-17T17:03:31","slug":"localisation","status":"publish","type":"page","link":"https:\/\/rachecourt.be\/index.php\/localisation\/","title":{"rendered":"Contact"},"content":{"rendered":"<p><strong>Contacter les membres du SI<\/strong><\/p>\n<p><strong>Gr\u00e9gory Bosseler <\/strong>&#8211; Pr\u00e9sident<br \/><em>s.i.rachecourt@gmail.com<\/em><br \/><em> 0032 (0) 498 70 04 69<\/em><\/p>\n<p><strong>Hugues Wynants<\/strong> &#8211; Secr\u00e9taire &#8211; Vice-Pr\u00e9sident<br \/><em>wynants.hugues@hotmail.com<\/em><br \/><em> 0032 (0) 63 67 55 63<\/em><\/p>\n<p><strong><br \/>Gwena\u00eblle Lambert<\/strong> &#8211; Tr\u00e9sori\u00e8re<br \/><em style=\"font-size: inherit;\">gwenaelle.lmbrt@gmail.com<br \/><\/em><span style=\"font-size: inherit;\">0032 (0)470 53 47 33<\/span><\/p>\n<p><strong>Localisation<\/strong><\/p>\n<p><iframe loading=\"lazy\" style=\"border: 0;\" src=\"https:\/\/www.google.com\/maps\/embed?pb=!1m18!1m12!1m3!1d20690.775241457115!2d5.70915918260031!3d49.591207242455106!2m3!1f0!2f0!3f0!3m2!1i1024!2i768!4f13.1!3m3!1m2!1s0x47eab9aa4af3f59b%3A0xb7351873a99f9c4c!2sRachecourt%2C+6792+Aubange!5e0!3m2!1sfr!2sbe!4v1456317064924\" width=\"600\" height=\"450\" frameborder=\"0\" allowfullscreen=\"allowfullscreen\"><\/iframe><\/p>\n\n\n<p><\/p>\n","protected":false},"excerpt":{"rendered":"<p>Contacter les membres du SI Gr\u00e9gory Bosseler &#8211; Pr\u00e9sidents.i.rachecourt@gmail.com 0032 (0) 498 70 04 69 Hugues Wynants &#8211; Secr\u00e9taire &#8211; Vice-Pr\u00e9sidentwynants.hugues@hotmail.com 0032 (0) 63 67 55 63 Gwena\u00eblle Lambert &#8211; Tr\u00e9sori\u00e8regwenaelle.lmbrt@gmail.com0032 (0)470 53 47 33 Localisation<\/p>\n","protected":false},"author":1,"featured_media":0,"parent":0,"menu_order":0,"comment_status":"closed","ping_status":"closed","template":"","meta":[],"_links":{"self":[{"href":"https:\/\/rachecourt.be\/index.php\/wp-json\/wp\/v2\/pages\/7"}],"collection":[{"href":"https:\/\/rachecourt.be\/index.php\/wp-json\/wp\/v2\/pages"}],"about":[{"href":"https:\/\/rachecourt.be\/index.php\/wp-json\/wp\/v2\/types\/page"}],"author":[{"embeddable":true,"href":"https:\/\/rachecourt.be\/index.php\/wp-json\/wp\/v2\/users\/1"}],"replies":[{"embeddable":true,"href":"https:\/\/rachecourt.be\/index.php\/wp-json\/wp\/v2\/comments?post=7"}],"version-history":[{"count":6,"href":"https:\/\/rachecourt.be\/index.php\/wp-json\/wp\/v2\/pages\/7\/revisions"}],"predecessor-version":[{"id":237,"href":"https:\/\/rachecourt.be\/index.php\/wp-json\/wp\/v2\/pages\/7\/revisions\/237"}],"wp:attachment":[{"href":"https:\/\/rachecourt.be\/index.php\/wp-json\/wp\/v2\/media?parent=7"}],"curies":[{"name":"wp","href":"https:\/\/api.w.org\/{rel}","templated":true}]}}